{"id":1743,"date":"2021-01-20T10:19:22","date_gmt":"2021-01-20T10:19:22","guid":{"rendered":"https:\/\/t-sec.hu\/?page_id=1743"},"modified":"2021-01-20T10:23:33","modified_gmt":"2021-01-20T10:23:33","slug":"adatvedelmi-tajekoztato","status":"publish","type":"page","link":"https:\/\/t-sec.hu\/?page_id=1743","title":{"rendered":"Adatv\u00e9delmi t\u00e1j\u00e9koztat\u00f3"},"content":{"rendered":"\t\t<div data-elementor-type=\"wp-page\" data-elementor-id=\"1743\" class=\"elementor elementor-1743\" data-elementor-settings=\"[]\">\n\t\t\t\t\t\t<div class=\"elementor-inner\">\n\t\t\t\t\t\t\t<div class=\"elementor-section-wrap\">\n\t\t\t\t\t\t\t<section class=\"elementor-section elementor-top-section elementor-element elementor-element-77d39799 elementor-section-boxed elementor-section-height-default elementor-section-height-default\" data-id=\"77d39799\" data-element_type=\"section\">\n\t\t\t\t\t\t<div class=\"elementor-container elementor-column-gap-default\">\n\t\t\t\t\t\t\t<div class=\"elementor-row\">\n\t\t\t\t\t<div class=\"elementor-column elementor-col-100 elementor-top-column elementor-element elementor-element-1f4c5073\" data-id=\"1f4c5073\" data-element_type=\"column\">\n\t\t\t<div class=\"elementor-column-wrap elementor-element-populated\">\n\t\t\t\t\t\t\t<div class=\"elementor-widget-wrap\">\n\t\t\t\t\t\t<div class=\"elementor-element elementor-element-7c98cb52 elementor-widget elementor-widget-text-editor\" data-id=\"7c98cb52\" data-element_type=\"widget\" data-widget_type=\"text-editor.default\">\n\t\t\t\t<div class=\"elementor-widget-container\">\n\t\t\t\t\t\t\t\t<div class=\"elementor-text-editor elementor-clearfix\">\n\t\t\t\t<!-- wp:paragraph -->\n<p>Adatkezel\u0151:&nbsp; T-Sec Hungary Biztons\u00e1gtechnikai \u00e9s Szolg\u00e1ltat\u00f3 Kft. Sz\u00e9khely:&nbsp;&nbsp;&nbsp;&nbsp; 1191 Budapest, Jozsef Attila \u00fatca 57-63.&lt;br&gt;Telefon:&nbsp;&nbsp;&nbsp;&nbsp;&nbsp;&nbsp;&nbsp; +36 1 603 6314<\/p>\n<!-- \/wp:paragraph -->\n\n<!-- wp:paragraph -->\n<p>2. Az adatkezel\u00e9s jogalapja<\/p>\n<!-- \/wp:paragraph -->\n\n<!-- wp:paragraph -->\n<p>Az Eur\u00f3pai Parlament \u00e9s a Tan\u00e1cs (EU) 2016\/679 Rendelete (2016. \u00e1prilis 27.) a term\u00e9szetes szem\u00e9lyeknek a szem\u00e9lyes adatok kezel\u00e9se tekintet\u00e9ben t\u00f6rt\u00e9n\u0151 v\u00e9delm\u00e9r\u0151l \u00e9s az ilyen adatok szabad \u00e1raml\u00e1s\u00e1r\u00f3l, valamint a 95\/46\/EK ir\u00e1nyelv hat\u00e1lyon k\u00edv\u00fcl helyez\u00e9s\u00e9r\u0151l (\u00e1ltal\u00e1nos adatv\u00e9delmi rendelet) (a tov\u00e1bbiakban: GDPR Az inform\u00e1ci\u00f3s \u00f6nrendelkez\u00e9si jogr\u00f3l \u00e9s az inform\u00e1ci\u00f3szabads\u00e1gr\u00f3l sz\u00f3l\u00f3 2011. \u00e9vi CXII. t\u00f6rv\u00e9ny (a tov\u00e1bbiakban: Infotv Az \u00e9rintett hozz\u00e1j\u00e1rul\u00e1sa<\/p>\n<!-- \/wp:paragraph -->\n\n<!-- wp:paragraph -->\n<p>3. A kezelt adatok k\u00f6re, c\u00e9lja, id\u0151tartama<\/p>\n<!-- \/wp:paragraph -->\n\n<!-- wp:paragraph -->\n<p>3.1 A kezelt adatok k\u00f6re \u00e9s c\u00e9lja<\/p>\n<!-- \/wp:paragraph -->\n\n<!-- wp:paragraph -->\n<p>Szem\u00e9lyazonos\u00edt\u00f3 adatok Az \u00fcgyfelek azonos\u00edt\u00e1sa c\u00e9lj\u00e1b\u00f3l Kapcsolattart\u00e1si adatok \u00fcgyfelekkel t\u00f6rt\u00e9n\u0151 kapcsolattart\u00e1s c\u00e9lj\u00e1b\u00f3l<\/p>\n<!-- \/wp:paragraph -->\n\n<!-- wp:paragraph -->\n<p>3.2. Az adatkezel\u00e9s id\u0151tartama<\/p>\n<!-- \/wp:paragraph -->\n\n<!-- wp:paragraph -->\n<p>A T-Sec Hungary az \u00e1ltala kezelt adatokat legfeljebb az adott elj\u00e1r\u00e1sra vonatkoz\u00f3 t\u00f6rv\u00e9ny \u00e1ltal meghat\u00e1rozott ideig, illetve az \u00e9rintett hozz\u00e1j\u00e1rul\u00e1sa eset\u00e9n a konkr\u00e9t adatkezel\u00e9sre vonatkoz\u00f3 adatkezel\u00e9si t\u00e1j\u00e9koztat\u00f3ban r\u00f6gz\u00edtett ideig kezeli<\/p>\n<!-- \/wp:paragraph -->\n\n<!-- wp:paragraph -->\n<p>4. Az adatokhoz val\u00f3 hozz\u00e1f\u00e9r\u00e9s \u00e9s az adatbiztons\u00e1gi int\u00e9zked\u00e9sek<\/p>\n<!-- \/wp:paragraph -->\n\n<!-- wp:paragraph -->\n<p>4.1. Az adatokhoz val\u00f3 hozz\u00e1f\u00e9r\u00e9s \u00e9s az adattov\u00e1bb\u00edt\u00e1s<\/p>\n<!-- \/wp:paragraph -->\n\n<!-- wp:paragraph -->\n<p>A szem\u00e9lyes adatokhoz kiz\u00e1r\u00f3lag a T-Sec Hungary, mint adatkezel\u0151 alkalmazottai f\u00e9rhetnek hozz\u00e1. Az \u00e9rintett hozz\u00e1j\u00e1rul\u00e1s\u00e1n alapul\u00f3 adatkezel\u00e9s eset\u00e9n ez kib\u0151v\u00fclhet az \u00e9rintett \u00e1ltal meghat\u00e1rozott szervekkel, szem\u00e9lyekkel<\/p>\n<!-- \/wp:paragraph -->\n\n<!-- wp:paragraph -->\n<p>A T-sec Hungary kiz\u00e1r\u00f3lag jogszab\u00e1lyban meghat\u00e1rozott m\u00f3don \u00e9s c\u00e9lb\u00f3l adja \u00e1t az \u00e1ltala kezelt szem\u00e9lyes adatokat m\u00e1s szervek, szem\u00e9lyek r\u00e9sz\u00e9re. \u00cdgy p\u00e9ld\u00e1ul ha a rend\u0151rs\u00e9g\/\u00fcgy\u00e9szs\u00e9g megkeresi a T-Sec Hungaryt, \u00e9s a nyomoz\u00e1shoz az adott szem\u00e9lyes adatok tov\u00e1bb\u00edt\u00e1s\u00e1t k\u00e9ri<\/p>\n<!-- \/wp:paragraph -->\n\n<!-- wp:paragraph -->\n<p>4.2. Adatbiztons\u00e1gi int\u00e9zked\u00e9sek<\/p>\n<!-- \/wp:paragraph -->\n\n<!-- wp:paragraph -->\n<p>A r\u00f6gz\u00edtett szem\u00e9lyes adatokat a T-Sec Hungary saj\u00e1t szerverein t\u00e1rolja. A szem\u00e9lyes adatok t\u00e1rol\u00e1s\u00e1hoz&nbsp; m\u00e1s szolg\u00e1ltat\u00e1s\u00e1t nem veszi ig\u00e9nybe, adatfeldolgoz\u00f3t nem b\u00edz meg. Megfelel\u0151 informatikai, technikai \u00e9s szem\u00e9lyi int\u00e9zked\u00e9sekkel gondoskodik arr\u00f3l, hogy az \u00e1ltala kezelt szem\u00e9lyes adatokat v\u00e9dje &#8211; t\u00f6bbek k\u00f6z\u00f6tt &#8211; a jogosulatlan hozz\u00e1f\u00e9r\u00e9s ellen vagy azok jogosulatlan megv\u00e1ltoztat\u00e1sa ellen. \u00cdgy p\u00e9ld\u00e1ul az informatikai rendszerben t\u00e1rolt adatokhoz val\u00f3 hozz\u00e1f\u00e9r\u00e9st a T-Sec Hungary napl\u00f3zza, vagyis mindig ellen\u0151rizhet\u0151, ki, mikor, milyen szem\u00e9lyes adathoz f\u00e9rt hozz\u00e1<\/p>\n<!-- \/wp:paragraph -->\n\n<!-- wp:paragraph -->\n<p>5. Az adatkezel\u00e9ssel kapcsolatos \u00e9rintetti jogok<\/p>\n<!-- \/wp:paragraph -->\n\n<!-- wp:paragraph -->\n<p>5.1. A hozz\u00e1f\u00e9r\u00e9shez val\u00f3 jog<\/p>\n<!-- \/wp:paragraph -->\n\n<!-- wp:paragraph -->\n<p>Az \u00e9rintett jogosult arra, hogy az 1. pontban megadott el\u00e9rhet\u0151s\u00e9geken kereszt\u00fcl&nbsp; t\u00e1j\u00e9koztat\u00e1st k\u00e9rjen arra vonatkoz\u00f3an, hogy szem\u00e9lyes adatainak kezel\u00e9se folyamatban van-e, \u00e9s ha ilyen adatkezel\u00e9s folyamatban van, jogosult arra, hogy megismerje azt, hogy milyen szem\u00e9lyes adatait<\/p>\n<!-- \/wp:paragraph -->\n\n<!-- wp:paragraph -->\n<p>milyen jogalapon milyen adatkezel\u00e9si c\u00e9llal mennyi ideig kezeli; tov\u00e1bb\u00e1, hogy<\/p>\n<!-- \/wp:paragraph -->\n\n<!-- wp:paragraph -->\n<p>kinek, mikor, milyen jogszab\u00e1ly alapj\u00e1n, mely szem\u00e9lyes adataihoz biztos\u00edtott hozz\u00e1f\u00e9r\u00e9st vagy kinek tov\u00e1bb\u00edtotta a szem\u00e9lyes adatait<\/p>\n<!-- \/wp:paragraph -->\n\n<!-- wp:paragraph -->\n<p>milyen forr\u00e1sb\u00f3l sz\u00e1rmaznak a szem\u00e9lyes adatai (amennyiben nem az \u00e9rintett bocs\u00e1totta azokat a rendelkez\u00e9s\u00e9re<\/p>\n<!-- \/wp:paragraph -->\n\n<!-- wp:paragraph -->\n<p>Az adatbiztons\u00e1gi k\u00f6vetelm\u00e9nyek teljes\u00fcl\u00e9se \u00e9s az \u00e9rintett jogainak v\u00e9delme \u00e9rdek\u00e9ben a k\u00f6teles meggy\u0151z\u0151dni az \u00e9rintett \u00e9s a hozz\u00e1f\u00e9r\u00e9si jog\u00e1val \u00e9lni k\u00edv\u00e1n\u00f3 szem\u00e9ly szem\u00e9lyazonoss\u00e1g\u00e1nak egyez\u00e9s\u00e9r\u0151l, ennek \u00e9rdek\u00e9ben a t\u00e1j\u00e9koztat\u00e1s az \u00e9rintett szem\u00e9ly\u00e9nek azonos\u00edt\u00e1s\u00e1hoz k\u00f6t\u00f6tt<\/p>\n<!-- \/wp:paragraph -->\n\n<!-- wp:paragraph -->\n<p>5.2. A helyesb\u00edt\u00e9shez val\u00f3 jog<\/p>\n<!-- \/wp:paragraph -->\n\n<!-- wp:paragraph -->\n<p>Az \u00e9rintett szem\u00e9ly &#8211; az 1. pontban megadott el\u00e9rhet\u0151s\u00e9geken kereszt\u00fcl &#8211; \u00edr\u00e1sban k\u00e9rheti, hogy a T-sec Hungary m\u00f3dos\u00edtsa valamely szem\u00e9lyes adat\u00e1t. A&nbsp; k\u00e9relmet legfeljebb egy h\u00f3napon bel\u00fcl teljes\u00edti, \u00e9s err\u0151l az \u00e9rintettet az \u00e1ltala megadott el\u00e9rhet\u0151s\u00e9gen \u00e9rtes\u00edti<\/p>\n<!-- \/wp:paragraph -->\n\n<!-- wp:paragraph -->\n<p>5.3. A t\u00f6rl\u00e9shez val\u00f3 jog<\/p>\n<!-- \/wp:paragraph -->\n\n<!-- wp:paragraph -->\n<p>Az \u00e9rintett szem\u00e9ly az 1. pontban megadott el\u00e9rhet\u0151s\u00e9geken kereszt\u00fcl, \u00edr\u00e1sban k\u00e9rheti a&nbsp; szem\u00e9lyes adatainak t\u00f6rl\u00e9s\u00e9t<\/p>\n<!-- \/wp:paragraph -->\n\n<!-- wp:paragraph -->\n<p>A t\u00f6rl\u00e9si k\u00e9relmet a T-Sec Hungary abban az esetben utas\u00edtja el, ha tov\u00e1bbra is rendelkezik jogalappal az adatok tov\u00e1bbi t\u00e1rol\u00e1s\u00e1ra, felhaszn\u00e1l\u00e1s\u00e1ra. Ilyen p\u00e9ld\u00e1ul az, ha az iratt\u00e1raz\u00e1sra vonatkoz\u00f3 hat\u00e1rid\u0151 nem telt le. Amennyiben azonban nincs ilyen k\u00f6telezetts\u00e9g, akkor a&nbsp; a k\u00e9relmet legfeljebb 10 napon bel\u00fcl teljes\u00edti, \u00e9s err\u0151l az \u00e9rintettet az \u00e1ltala megadott el\u00e9rhet\u0151s\u00e9gen \u00e9rtes\u00edti<\/p>\n<!-- \/wp:paragraph -->\n\n<!-- wp:paragraph -->\n<p>5.4. A z\u00e1rol\u00e1shoz (adatkezel\u00e9s korl\u00e1toz\u00e1s\u00e1hoz) val\u00f3 jog<\/p>\n<!-- \/wp:paragraph -->\n\n<!-- wp:paragraph -->\n<p>Az \u00e9rintett szem\u00e9ly az 1. pontban megadott el\u00e9rhet\u0151s\u00e9geken kereszt\u00fcl, \u00edr\u00e1sban k\u00e9rheti, hogy a szem\u00e9lyes adatait a z\u00e1rolja (az adatkezel\u00e9s korl\u00e1tozott jelleg\u00e9nek egy\u00e9rtelm\u0171 jel\u00f6l\u00e9s\u00e9vel \u00e9s az egy\u00e9b adatokt\u00f3l elk\u00fcl\u00f6n\u00edtett kezel\u00e9s biztos\u00edt\u00e1s\u00e1val). A z\u00e1rol\u00e1s addig tart, am\u00edg az \u00e9rintett \u00e1ltal megjel\u00f6lt indok sz\u00fcks\u00e9gess\u00e9 teszi az adatok t\u00e1rol\u00e1s\u00e1t Az adat z\u00e1rol\u00e1s\u00e1t k\u00e9rheti az \u00e9rintett p\u00e9ld\u00e1ul abban az esetben, ha az \u00e1ltala kezdem\u00e9nyezett hat\u00f3s\u00e1gi vagy b\u00edr\u00f3s\u00e1gi elj\u00e1r\u00e1s \u00e9rdek\u00e9ben sz\u00fcks\u00e9ges az, hogy az adatokat ne t\u00f6r\u00f6lje. Ebben az esetben a hat\u00f3s\u00e1g vagy a b\u00edr\u00f3s\u00e1g megkeres\u00e9s\u00e9ig\u00a0 tov\u00e1bb t\u00e1rolja a szem\u00e9lyes adatot, ezt k\u00f6vet\u0151en t\u00f6rli.<\/p>\n<!-- \/wp:paragraph -->\t\t\t\t\t<\/div>\n\t\t\t\t\t\t<\/div>\n\t\t\t\t<\/div>\n\t\t\t\t\t\t<\/div>\n\t\t\t\t\t<\/div>\n\t\t<\/div>\n\t\t\t\t\t\t\t\t<\/div>\n\t\t\t\t\t<\/div>\n\t\t<\/section>\n\t\t\t\t\t\t<\/div>\n\t\t\t\t\t\t<\/div>\n\t\t\t\t\t<\/div>\n\t\t","protected":false},"excerpt":{"rendered":"<p>Adatkezel\u0151:&nbsp; T-Sec Hungary Biztons\u00e1gtechnikai \u00e9s Szolg\u00e1ltat\u00f3 Kft. Sz\u00e9khely:&nbsp;&nbsp;&nbsp;&nbsp; 1191 Budapest, Jozsef Attila \u00fatca 57-63.&lt;br&gt;Telefon:&nbsp;&nbsp;&nbsp;&nbsp;&nbsp;&nbsp;&nbsp; +36 1 603 6314 2. Az adatkezel\u00e9s jogalapja Az Eur\u00f3pai Parlament \u00e9s a Tan\u00e1cs (EU) 2016\/679 Rendelete (2016. \u00e1prilis 27.) a term\u00e9szetes szem\u00e9lyeknek a szem\u00e9lyes adatok kezel\u00e9se tekintet\u00e9ben t\u00f6rt\u00e9n\u0151 v\u00e9delm\u00e9r\u0151l \u00e9s az ilyen adatok szabad \u00e1raml\u00e1s\u00e1r\u00f3l, valamint a 95\/46\/EK ir\u00e1nyelv hat\u00e1lyon&hellip;<\/p>\n","protected":false},"author":1,"featured_media":0,"parent":0,"menu_order":0,"comment_status":"closed","ping_status":"closed","template":"template-microsite.php","meta":{"footnotes":""},"class_list":["post-1743","page","type-page","status-publish","hentry"],"_links":{"self":[{"href":"https:\/\/t-sec.hu\/index.php?rest_route=\/wp\/v2\/pages\/1743","targetHints":{"allow":["GET"]}}],"collection":[{"href":"https:\/\/t-sec.hu\/index.php?rest_route=\/wp\/v2\/pages"}],"about":[{"href":"https:\/\/t-sec.hu\/index.php?rest_route=\/wp\/v2\/types\/page"}],"author":[{"embeddable":true,"href":"https:\/\/t-sec.hu\/index.php?rest_route=\/wp\/v2\/users\/1"}],"replies":[{"embeddable":true,"href":"https:\/\/t-sec.hu\/index.php?rest_route=%2Fwp%2Fv2%2Fcomments&post=1743"}],"version-history":[{"count":6,"href":"https:\/\/t-sec.hu\/index.php?rest_route=\/wp\/v2\/pages\/1743\/revisions"}],"predecessor-version":[{"id":1750,"href":"https:\/\/t-sec.hu\/index.php?rest_route=\/wp\/v2\/pages\/1743\/revisions\/1750"}],"wp:attachment":[{"href":"https:\/\/t-sec.hu\/index.php?rest_route=%2Fwp%2Fv2%2Fmedia&parent=1743"}],"curies":[{"name":"wp","href":"https:\/\/api.w.org\/{rel}","templated":true}]}}